{"id":77,"date":"2026-01-11T23:05:59","date_gmt":"2026-01-11T23:05:59","guid":{"rendered":"https:\/\/armonie360.com\/?page_id=77"},"modified":"2026-01-12T15:13:43","modified_gmt":"2026-01-12T15:13:43","slug":"blog","status":"publish","type":"page","link":"https:\/\/armonie360.com\/index.php\/blog\/","title":{"rendered":"Blog"},"content":{"rendered":"\t\t<div data-elementor-type=\"wp-page\" data-elementor-id=\"77\" class=\"elementor elementor-77\">\n\t\t\t\t<div class=\"elementor-element elementor-element-a22418d e-flex e-con-boxed e-con e-parent\" data-id=\"a22418d\" data-element_type=\"container\" data-e-type=\"container\">\n\t\t\t\t\t<div class=\"e-con-inner\">\n\t\t\t\t<div class=\"elementor-element elementor-element-a7a62ba elementor-widget-divider--view-line elementor-widget elementor-widget-divider\" data-id=\"a7a62ba\" data-element_type=\"widget\" data-e-type=\"widget\" data-widget_type=\"divider.default\">\n\t\t\t\t\t\t\t<div class=\"elementor-divider\">\n\t\t\t<span class=\"elementor-divider-separator\">\n\t\t\t\t\t\t<\/span>\n\t\t<\/div>\n\t\t\t\t\t\t<\/div>\n\t\t\t\t\t<\/div>\n\t\t\t\t<\/div>\n\t\t<div class=\"elementor-element elementor-element-465a124 e-flex e-con-boxed e-con e-parent\" data-id=\"465a124\" data-element_type=\"container\" data-e-type=\"container\">\n\t\t\t\t\t<div class=\"e-con-inner\">\n\t\t\t\t\t<\/div>\n\t\t\t\t<\/div>\n\t\t<div class=\"elementor-element elementor-element-8621ab9 e-flex e-con-boxed e-con e-parent\" data-id=\"8621ab9\" data-element_type=\"container\" data-e-type=\"container\">\n\t\t\t\t\t<div class=\"e-con-inner\">\n\t\t<div class=\"elementor-element elementor-element-27078ad e-grid e-con-full e-con e-child\" data-id=\"27078ad\" data-element_type=\"container\" data-e-type=\"container\">\n\t\t\t\t<div class=\"elementor-element elementor-element-ebe617c elementor-widget elementor-widget-image\" data-id=\"ebe617c\" data-element_type=\"widget\" data-e-type=\"widget\" data-widget_type=\"image.default\">\n\t\t\t\t\t\t\t\t\t\t\t\t\t\t\t<img fetchpriority=\"high\" decoding=\"async\" width=\"800\" height=\"604\" src=\"https:\/\/armonie360.com\/wp-content\/uploads\/2026\/01\/Multumesc-989-x-747.png\" class=\"attachment-large size-large wp-image-298\" alt=\"Multumesc 989 x 747\" srcset=\"https:\/\/armonie360.com\/wp-content\/uploads\/2026\/01\/Multumesc-989-x-747.png 989w, https:\/\/armonie360.com\/wp-content\/uploads\/2026\/01\/Multumesc-989-x-747-300x227.png 300w, https:\/\/armonie360.com\/wp-content\/uploads\/2026\/01\/Multumesc-989-x-747-768x580.png 768w\" sizes=\"(max-width: 800px) 100vw, 800px\" \/>\t\t\t\t\t\t\t\t\t\t\t\t\t\t\t<\/div>\n\t\t<div class=\"elementor-element elementor-element-c7081e9 e-grid e-con-full e-con e-child\" data-id=\"c7081e9\" data-element_type=\"container\" data-e-type=\"container\">\n\t\t\t\t<div class=\"elementor-element elementor-element-9277493 elementor-widget elementor-widget-heading\" data-id=\"9277493\" data-element_type=\"widget\" data-e-type=\"widget\" data-widget_type=\"heading.default\">\n\t\t\t\t\t<h2 class=\"elementor-heading-title elementor-size-default\"><br><br><br>Mul\u021bumesc<\/h2>\t\t\t\t<\/div>\n\t\t\t\t<div class=\"elementor-element elementor-element-2515f59 elementor-widget elementor-widget-text-editor\" data-id=\"2515f59\" data-element_type=\"widget\" data-e-type=\"widget\" data-widget_type=\"text-editor.default\">\n\t\t\t\t\t\t\t\t\t<p>Recuno\u0219tin\u021ba nu este doar un cuv\u00e2nt frumos ci o stare care se activeaz\u0103 atunci c\u00e2nd \u0219tii&nbsp;<span style=\"font-weight: bolder;\">pentru ce&nbsp;<\/span>\u0219i&nbsp;<span style=\"font-weight: bolder;\">cum&nbsp;<\/span>s\u0103 spui Mul\u021bumesc.<\/p>\n<p>Numerologia ne ofer\u0103 un instrument simplu \u0219i profund:&nbsp;<span style=\"font-weight: bolder;\">ziua de na\u0219tere<\/span>&nbsp;&#8211; denumit \u0219i vibra\u021bia interioar\u0103, care ne arat\u0103 ce anume hr\u0103ne\u0219te sufletul unui om atunci c\u00e2nd este recunoscut \u0219i apreciat.&nbsp;<a href=\"https:\/\/armonie360.com\/index.php\/2025\/12\/07\/multumesc\/\" target=\"_blank\">Cite\u0219te mai departe&#8230;<\/a><\/p>\t\t\t\t\t\t\t\t<\/div>\n\t\t\t\t<\/div>\n\t\t\t\t<\/div>\n\t\t\t\t\t<\/div>\n\t\t\t\t<\/div>\n\t\t\t\t<\/div>\n\t\t","protected":false},"excerpt":{"rendered":"<p>Mul\u021bumesc Recuno\u0219tin\u021ba nu este doar un cuv\u00e2nt frumos ci o stare care se activeaz\u0103 atunci c\u00e2nd \u0219tii&nbsp;pentru ce&nbsp;\u0219i&nbsp;cum&nbsp;s\u0103 spui Mul\u021bumesc. Numerologia ne ofer\u0103 un instrument simplu \u0219i profund:&nbsp;ziua de na\u0219tere&nbsp;&#8211; denumit \u0219i vibra\u021bia interioar\u0103, care ne arat\u0103 ce anume hr\u0103ne\u0219te sufletul unui om atunci c\u00e2nd este recunoscut \u0219i apreciat.&nbsp;Cite\u0219te mai departe&#8230;<\/p>\n","protected":false},"author":1,"featured_media":0,"parent":0,"menu_order":0,"comment_status":"closed","ping_status":"closed","template":"elementor_theme","meta":{"footnotes":""},"class_list":["post-77","page","type-page","status-publish","hentry"],"yoast_head":"<!-- This site is optimized with the Yoast SEO plugin v27.4 - https:\/\/yoast.com\/product\/yoast-seo-wordpress\/ -->\n<title>Blog - Armonie360 cu Erika Tonko blog numerologie vibratie interioara destin tarot cunoasterre<\/title>\n<meta name=\"description\" content=\"Blog de numerologie practic\u0103 pentru claritate, echilibru \u0219i aplicare \u00een via\u021ba real\u0103. Articole despre autocunoa\u0219tere \u0219i decizii con\u0219tiente.\" \/>\n<meta name=\"robots\" content=\"index, follow, max-snippet:-1, max-image-preview:large, max-video-preview:-1\" \/>\n<link rel=\"canonical\" href=\"https:\/\/armonie360.com\/index.php\/blog\/\" \/>\n<meta property=\"og:locale\" content=\"en_US\" \/>\n<meta property=\"og:type\" content=\"article\" \/>\n<meta property=\"og:title\" content=\"Blog - Armonie360 cu Erika Tonko blog numerologie vibratie interioara destin tarot cunoasterre\" \/>\n<meta property=\"og:description\" content=\"Blog de numerologie practic\u0103 pentru claritate, echilibru \u0219i aplicare \u00een via\u021ba real\u0103. Articole despre autocunoa\u0219tere \u0219i decizii con\u0219tiente.\" \/>\n<meta property=\"og:url\" content=\"https:\/\/armonie360.com\/index.php\/blog\/\" \/>\n<meta property=\"og:site_name\" content=\"Armonie360 cu Erika Tonko\" \/>\n<meta property=\"article:publisher\" content=\"https:\/\/www.facebook.com\/armonie360\/\" \/>\n<meta property=\"article:modified_time\" content=\"2026-01-12T15:13:43+00:00\" \/>\n<meta property=\"og:image\" content=\"https:\/\/armonie360.com\/wp-content\/uploads\/2026\/01\/Multumesc-989-x-747.png\" \/>\n<meta name=\"twitter:card\" content=\"summary_large_image\" \/>\n<meta name=\"twitter:label1\" content=\"Est. reading time\" \/>\n\t<meta name=\"twitter:data1\" content=\"1 minute\" \/>\n<script type=\"application\/ld+json\" class=\"yoast-schema-graph\">{\"@context\":\"https:\\\/\\\/schema.org\",\"@graph\":[{\"@type\":\"WebPage\",\"@id\":\"https:\\\/\\\/armonie360.com\\\/index.php\\\/blog\\\/\",\"url\":\"https:\\\/\\\/armonie360.com\\\/index.php\\\/blog\\\/\",\"name\":\"Blog - Armonie360 cu Erika Tonko blog numerologie vibratie interioara destin tarot cunoasterre\",\"isPartOf\":{\"@id\":\"https:\\\/\\\/armonie360.com\\\/#website\"},\"primaryImageOfPage\":{\"@id\":\"https:\\\/\\\/armonie360.com\\\/index.php\\\/blog\\\/#primaryimage\"},\"image\":{\"@id\":\"https:\\\/\\\/armonie360.com\\\/index.php\\\/blog\\\/#primaryimage\"},\"thumbnailUrl\":\"https:\\\/\\\/armonie360.com\\\/wp-content\\\/uploads\\\/2026\\\/01\\\/Multumesc-989-x-747.png\",\"datePublished\":\"2026-01-11T23:05:59+00:00\",\"dateModified\":\"2026-01-12T15:13:43+00:00\",\"description\":\"Blog de numerologie practic\u0103 pentru claritate, echilibru \u0219i aplicare \u00een via\u021ba real\u0103. Articole despre autocunoa\u0219tere \u0219i decizii con\u0219tiente.\",\"breadcrumb\":{\"@id\":\"https:\\\/\\\/armonie360.com\\\/index.php\\\/blog\\\/#breadcrumb\"},\"inLanguage\":\"en-US\",\"potentialAction\":[{\"@type\":\"ReadAction\",\"target\":[\"https:\\\/\\\/armonie360.com\\\/index.php\\\/blog\\\/\"]}]},{\"@type\":\"ImageObject\",\"inLanguage\":\"en-US\",\"@id\":\"https:\\\/\\\/armonie360.com\\\/index.php\\\/blog\\\/#primaryimage\",\"url\":\"https:\\\/\\\/armonie360.com\\\/wp-content\\\/uploads\\\/2026\\\/01\\\/Multumesc-989-x-747.png\",\"contentUrl\":\"https:\\\/\\\/armonie360.com\\\/wp-content\\\/uploads\\\/2026\\\/01\\\/Multumesc-989-x-747.png\",\"width\":989,\"height\":747,\"caption\":\"Multumesc 989 x 747\"},{\"@type\":\"BreadcrumbList\",\"@id\":\"https:\\\/\\\/armonie360.com\\\/index.php\\\/blog\\\/#breadcrumb\",\"itemListElement\":[{\"@type\":\"ListItem\",\"position\":1,\"name\":\"Home\",\"item\":\"https:\\\/\\\/armonie360.com\\\/\"},{\"@type\":\"ListItem\",\"position\":2,\"name\":\"Blog\"}]},{\"@type\":\"WebSite\",\"@id\":\"https:\\\/\\\/armonie360.com\\\/#website\",\"url\":\"https:\\\/\\\/armonie360.com\\\/\",\"name\":\"Armonie360 cu Erika Tonko\",\"description\":\"\",\"publisher\":{\"@id\":\"https:\\\/\\\/armonie360.com\\\/#organization\"},\"potentialAction\":[{\"@type\":\"SearchAction\",\"target\":{\"@type\":\"EntryPoint\",\"urlTemplate\":\"https:\\\/\\\/armonie360.com\\\/?s={search_term_string}\"},\"query-input\":{\"@type\":\"PropertyValueSpecification\",\"valueRequired\":true,\"valueName\":\"search_term_string\"}}],\"inLanguage\":\"en-US\"},{\"@type\":\"Organization\",\"@id\":\"https:\\\/\\\/armonie360.com\\\/#organization\",\"name\":\"Armonie360 cu Erika Tonko\",\"url\":\"https:\\\/\\\/armonie360.com\\\/\",\"logo\":{\"@type\":\"ImageObject\",\"inLanguage\":\"en-US\",\"@id\":\"https:\\\/\\\/armonie360.com\\\/#\\\/schema\\\/logo\\\/image\\\/\",\"url\":\"https:\\\/\\\/armonie360.com\\\/wp-content\\\/uploads\\\/2025\\\/12\\\/Logo-540-x-540.png\",\"contentUrl\":\"https:\\\/\\\/armonie360.com\\\/wp-content\\\/uploads\\\/2025\\\/12\\\/Logo-540-x-540.png\",\"width\":540,\"height\":540,\"caption\":\"Armonie360 cu Erika Tonko\"},\"image\":{\"@id\":\"https:\\\/\\\/armonie360.com\\\/#\\\/schema\\\/logo\\\/image\\\/\"},\"sameAs\":[\"https:\\\/\\\/www.facebook.com\\\/armonie360\\\/\"]}]}<\/script>\n<!-- \/ Yoast SEO plugin. -->","yoast_head_json":{"title":"Blog - Armonie360 cu Erika Tonko blog numerologie vibratie interioara destin tarot cunoasterre","description":"Blog de numerologie practic\u0103 pentru claritate, echilibru \u0219i aplicare \u00een via\u021ba real\u0103. Articole despre autocunoa\u0219tere \u0219i decizii con\u0219tiente.","robots":{"index":"index","follow":"follow","max-snippet":"max-snippet:-1","max-image-preview":"max-image-preview:large","max-video-preview":"max-video-preview:-1"},"canonical":"https:\/\/armonie360.com\/index.php\/blog\/","og_locale":"en_US","og_type":"article","og_title":"Blog - Armonie360 cu Erika Tonko blog numerologie vibratie interioara destin tarot cunoasterre","og_description":"Blog de numerologie practic\u0103 pentru claritate, echilibru \u0219i aplicare \u00een via\u021ba real\u0103. Articole despre autocunoa\u0219tere \u0219i decizii con\u0219tiente.","og_url":"https:\/\/armonie360.com\/index.php\/blog\/","og_site_name":"Armonie360 cu Erika Tonko","article_publisher":"https:\/\/www.facebook.com\/armonie360\/","article_modified_time":"2026-01-12T15:13:43+00:00","og_image":[{"url":"https:\/\/armonie360.com\/wp-content\/uploads\/2026\/01\/Multumesc-989-x-747.png","type":"","width":"","height":""}],"twitter_card":"summary_large_image","twitter_misc":{"Est. reading time":"1 minute"},"schema":{"@context":"https:\/\/schema.org","@graph":[{"@type":"WebPage","@id":"https:\/\/armonie360.com\/index.php\/blog\/","url":"https:\/\/armonie360.com\/index.php\/blog\/","name":"Blog - Armonie360 cu Erika Tonko blog numerologie vibratie interioara destin tarot cunoasterre","isPartOf":{"@id":"https:\/\/armonie360.com\/#website"},"primaryImageOfPage":{"@id":"https:\/\/armonie360.com\/index.php\/blog\/#primaryimage"},"image":{"@id":"https:\/\/armonie360.com\/index.php\/blog\/#primaryimage"},"thumbnailUrl":"https:\/\/armonie360.com\/wp-content\/uploads\/2026\/01\/Multumesc-989-x-747.png","datePublished":"2026-01-11T23:05:59+00:00","dateModified":"2026-01-12T15:13:43+00:00","description":"Blog de numerologie practic\u0103 pentru claritate, echilibru \u0219i aplicare \u00een via\u021ba real\u0103. Articole despre autocunoa\u0219tere \u0219i decizii con\u0219tiente.","breadcrumb":{"@id":"https:\/\/armonie360.com\/index.php\/blog\/#breadcrumb"},"inLanguage":"en-US","potentialAction":[{"@type":"ReadAction","target":["https:\/\/armonie360.com\/index.php\/blog\/"]}]},{"@type":"ImageObject","inLanguage":"en-US","@id":"https:\/\/armonie360.com\/index.php\/blog\/#primaryimage","url":"https:\/\/armonie360.com\/wp-content\/uploads\/2026\/01\/Multumesc-989-x-747.png","contentUrl":"https:\/\/armonie360.com\/wp-content\/uploads\/2026\/01\/Multumesc-989-x-747.png","width":989,"height":747,"caption":"Multumesc 989 x 747"},{"@type":"BreadcrumbList","@id":"https:\/\/armonie360.com\/index.php\/blog\/#breadcrumb","itemListElement":[{"@type":"ListItem","position":1,"name":"Home","item":"https:\/\/armonie360.com\/"},{"@type":"ListItem","position":2,"name":"Blog"}]},{"@type":"WebSite","@id":"https:\/\/armonie360.com\/#website","url":"https:\/\/armonie360.com\/","name":"Armonie360 cu Erika Tonko","description":"","publisher":{"@id":"https:\/\/armonie360.com\/#organization"},"potentialAction":[{"@type":"SearchAction","target":{"@type":"EntryPoint","urlTemplate":"https:\/\/armonie360.com\/?s={search_term_string}"},"query-input":{"@type":"PropertyValueSpecification","valueRequired":true,"valueName":"search_term_string"}}],"inLanguage":"en-US"},{"@type":"Organization","@id":"https:\/\/armonie360.com\/#organization","name":"Armonie360 cu Erika Tonko","url":"https:\/\/armonie360.com\/","logo":{"@type":"ImageObject","inLanguage":"en-US","@id":"https:\/\/armonie360.com\/#\/schema\/logo\/image\/","url":"https:\/\/armonie360.com\/wp-content\/uploads\/2025\/12\/Logo-540-x-540.png","contentUrl":"https:\/\/armonie360.com\/wp-content\/uploads\/2025\/12\/Logo-540-x-540.png","width":540,"height":540,"caption":"Armonie360 cu Erika Tonko"},"image":{"@id":"https:\/\/armonie360.com\/#\/schema\/logo\/image\/"},"sameAs":["https:\/\/www.facebook.com\/armonie360\/"]}]}},"_links":{"self":[{"href":"https:\/\/armonie360.com\/index.php\/wp-json\/wp\/v2\/pages\/77","targetHints":{"allow":["GET"]}}],"collection":[{"href":"https:\/\/armonie360.com\/index.php\/wp-json\/wp\/v2\/pages"}],"about":[{"href":"https:\/\/armonie360.com\/index.php\/wp-json\/wp\/v2\/types\/page"}],"author":[{"embeddable":true,"href":"https:\/\/armonie360.com\/index.php\/wp-json\/wp\/v2\/users\/1"}],"replies":[{"embeddable":true,"href":"https:\/\/armonie360.com\/index.php\/wp-json\/wp\/v2\/comments?post=77"}],"version-history":[{"count":14,"href":"https:\/\/armonie360.com\/index.php\/wp-json\/wp\/v2\/pages\/77\/revisions"}],"predecessor-version":[{"id":330,"href":"https:\/\/armonie360.com\/index.php\/wp-json\/wp\/v2\/pages\/77\/revisions\/330"}],"wp:attachment":[{"href":"https:\/\/armonie360.com\/index.php\/wp-json\/wp\/v2\/media?parent=77"}],"curies":[{"name":"wp","href":"https:\/\/api.w.org\/{rel}","templated":true}]}}