{"id":13,"date":"2025-12-07T14:58:18","date_gmt":"2025-12-07T14:58:18","guid":{"rendered":"https:\/\/armonie360.com\/index.php\/contact-us\/"},"modified":"2026-01-13T20:04:44","modified_gmt":"2026-01-13T20:04:44","slug":"contact","status":"publish","type":"page","link":"https:\/\/armonie360.com\/index.php\/contact\/","title":{"rendered":"Contact"},"content":{"rendered":"\t\t<div data-elementor-type=\"wp-page\" data-elementor-id=\"13\" class=\"elementor elementor-13\">\n\t\t\t\t<div class=\"elementor-element elementor-element-24c16cf6 e-flex e-con-boxed e-con e-parent\" data-id=\"24c16cf6\" data-element_type=\"container\" data-e-type=\"container\">\n\t\t\t\t\t<div class=\"e-con-inner\">\n\t\t<div class=\"elementor-element elementor-element-71f79242 e-con-full e-flex e-con e-child\" data-id=\"71f79242\" data-element_type=\"container\" data-e-type=\"container\">\n\t\t\t\t<div class=\"elementor-element elementor-element-4083a1f8 elementor-invisible elementor-widget elementor-widget-heading\" data-id=\"4083a1f8\" data-element_type=\"widget\" data-e-type=\"widget\" data-settings=\"{&quot;_animation&quot;:&quot;fadeIn&quot;}\" data-widget_type=\"heading.default\">\n\t\t\t\t\t<h2 class=\"elementor-heading-title elementor-size-default\">Contact<\/h2>\t\t\t\t<\/div>\n\t\t\t\t<div class=\"elementor-element elementor-element-6eec4499 elementor-widget elementor-widget-text-editor\" data-id=\"6eec4499\" data-element_type=\"widget\" data-e-type=\"widget\" data-widget_type=\"text-editor.default\">\n\t\t\t\t\t\t\t\t\t<p><b>Addresa: <\/b>Str. Splaiul Republicii, nr. 2A, cod po\u0219tal 430325, Baia Mare, jude\u021bul Maramure\u0219<\/p>\n<p><b>Telefon<\/b>: +40.745.076.382<\/p>\n<p><b>Email<\/b>: kerysystems@gmail.com<\/p>\n<p><b>Facebook<\/b>:&nbsp;<a style=\"letter-spacing: 0px;\" href=\"https:\/\/www.facebook.com\/armonie360\" target=\"_blank\" rel=\"noopener\">armonie360<\/a><\/p>\n<p><b>Instagram<\/b>:&nbsp;<a style=\"letter-spacing: 0px;\" href=\"https:\/\/www.instagram.com\/armonie_360\/\" target=\"_blank\" rel=\"noopener\">armonie_360<\/a><\/p>\n<p><b style=\"letter-spacing: 0px;\">Erika Ildik\u00f3 T\u00f6nk\u0151, <\/b><span style=\"letter-spacing: 0px;\">Numerolog profesionist,<\/span><\/p>\n<p>certificat COR 516102, Trainer Practician \u0219i Teoretician<\/p>\t\t\t\t\t\t\t\t<\/div>\n\t\t\t\t<\/div>\n\t\t<div class=\"elementor-element elementor-element-68890400 e-con-full e-flex e-con e-child\" data-id=\"68890400\" data-element_type=\"container\" data-e-type=\"container\" data-settings=\"{&quot;background_background&quot;:&quot;classic&quot;}\">\n\t\t\t\t<\/div>\n\t\t\t\t\t<\/div>\n\t\t\t\t<\/div>\n\t\t\t\t<\/div>\n\t\t","protected":false},"excerpt":{"rendered":"<p>Contact Addresa: Str. Splaiul Republicii, nr. 2A, cod po\u0219tal 430325, Baia Mare, jude\u021bul Maramure\u0219 Telefon: +40.745.076.382 Email: kerysystems@gmail.com Facebook:&nbsp;armonie360 Instagram:&nbsp;armonie_360 Erika Ildik\u00f3 T\u00f6nk\u0151, Numerolog profesionist, certificat COR 516102, Trainer Practician \u0219i Teoretician<\/p>\n","protected":false},"author":1,"featured_media":18,"parent":0,"menu_order":0,"comment_status":"closed","ping_status":"closed","template":"elementor_header_footer","meta":{"footnotes":""},"class_list":["post-13","page","type-page","status-publish","has-post-thumbnail","hentry"],"yoast_head":"<!-- This site is optimized with the Yoast SEO plugin v27.4 - https:\/\/yoast.com\/product\/yoast-seo-wordpress\/ -->\n<title>Contact - Armonie360 cu Erika Tonko numerolog profesionist numerolog bun online Baia Mare<\/title>\n<meta name=\"description\" content=\"Numerolog Baia Mare \u2013 Erika Ildik\u00f3 T\u00f6nk\u0151, numerolog profesionist certificat. Contacteaz\u0103 AROMIE 360 pentru consulta\u021bii de numerologie practic\u0103\" \/>\n<meta name=\"robots\" content=\"index, follow, max-snippet:-1, max-image-preview:large, max-video-preview:-1\" \/>\n<link rel=\"canonical\" href=\"https:\/\/armonie360.com\/index.php\/contact\/\" \/>\n<meta property=\"og:locale\" content=\"en_US\" \/>\n<meta property=\"og:type\" content=\"article\" \/>\n<meta property=\"og:title\" content=\"Contact - Armonie360 cu Erika Tonko numerolog profesionist numerolog bun online Baia Mare\" \/>\n<meta property=\"og:description\" content=\"Numerolog Baia Mare \u2013 Erika Ildik\u00f3 T\u00f6nk\u0151, numerolog profesionist certificat. Contacteaz\u0103 AROMIE 360 pentru consulta\u021bii de numerologie practic\u0103\" \/>\n<meta property=\"og:url\" content=\"https:\/\/armonie360.com\/index.php\/contact\/\" \/>\n<meta property=\"og:site_name\" content=\"Armonie360 cu Erika Tonko\" \/>\n<meta property=\"article:publisher\" content=\"https:\/\/www.facebook.com\/armonie360\/\" \/>\n<meta property=\"article:modified_time\" content=\"2026-01-13T20:04:44+00:00\" \/>\n<meta property=\"og:image\" content=\"https:\/\/armonie360.com\/wp-content\/uploads\/2025\/12\/Contact-Us-400_380.jpg\" \/>\n\t<meta property=\"og:image:width\" content=\"400\" \/>\n\t<meta property=\"og:image:height\" content=\"380\" \/>\n\t<meta property=\"og:image:type\" content=\"image\/jpeg\" \/>\n<meta name=\"twitter:card\" content=\"summary_large_image\" \/>\n<meta name=\"twitter:label1\" content=\"Est. reading time\" \/>\n\t<meta name=\"twitter:data1\" content=\"1 minute\" \/>\n<script type=\"application\/ld+json\" class=\"yoast-schema-graph\">{\"@context\":\"https:\\\/\\\/schema.org\",\"@graph\":[{\"@type\":\"WebPage\",\"@id\":\"https:\\\/\\\/armonie360.com\\\/index.php\\\/contact\\\/\",\"url\":\"https:\\\/\\\/armonie360.com\\\/index.php\\\/contact\\\/\",\"name\":\"Contact - Armonie360 cu Erika Tonko numerolog profesionist numerolog bun online Baia Mare\",\"isPartOf\":{\"@id\":\"https:\\\/\\\/armonie360.com\\\/#website\"},\"primaryImageOfPage\":{\"@id\":\"https:\\\/\\\/armonie360.com\\\/index.php\\\/contact\\\/#primaryimage\"},\"image\":{\"@id\":\"https:\\\/\\\/armonie360.com\\\/index.php\\\/contact\\\/#primaryimage\"},\"thumbnailUrl\":\"https:\\\/\\\/armonie360.com\\\/wp-content\\\/uploads\\\/2025\\\/12\\\/Contact-Us-400_380.jpg\",\"datePublished\":\"2025-12-07T14:58:18+00:00\",\"dateModified\":\"2026-01-13T20:04:44+00:00\",\"description\":\"Numerolog Baia Mare \u2013 Erika Ildik\u00f3 T\u00f6nk\u0151, numerolog profesionist certificat. Contacteaz\u0103 AROMIE 360 pentru consulta\u021bii de numerologie practic\u0103\",\"breadcrumb\":{\"@id\":\"https:\\\/\\\/armonie360.com\\\/index.php\\\/contact\\\/#breadcrumb\"},\"inLanguage\":\"en-US\",\"potentialAction\":[{\"@type\":\"ReadAction\",\"target\":[\"https:\\\/\\\/armonie360.com\\\/index.php\\\/contact\\\/\"]}]},{\"@type\":\"ImageObject\",\"inLanguage\":\"en-US\",\"@id\":\"https:\\\/\\\/armonie360.com\\\/index.php\\\/contact\\\/#primaryimage\",\"url\":\"https:\\\/\\\/armonie360.com\\\/wp-content\\\/uploads\\\/2025\\\/12\\\/Contact-Us-400_380.jpg\",\"contentUrl\":\"https:\\\/\\\/armonie360.com\\\/wp-content\\\/uploads\\\/2025\\\/12\\\/Contact-Us-400_380.jpg\",\"width\":400,\"height\":380},{\"@type\":\"BreadcrumbList\",\"@id\":\"https:\\\/\\\/armonie360.com\\\/index.php\\\/contact\\\/#breadcrumb\",\"itemListElement\":[{\"@type\":\"ListItem\",\"position\":1,\"name\":\"Home\",\"item\":\"https:\\\/\\\/armonie360.com\\\/\"},{\"@type\":\"ListItem\",\"position\":2,\"name\":\"Contact\"}]},{\"@type\":\"WebSite\",\"@id\":\"https:\\\/\\\/armonie360.com\\\/#website\",\"url\":\"https:\\\/\\\/armonie360.com\\\/\",\"name\":\"Armonie360 cu Erika Tonko\",\"description\":\"\",\"publisher\":{\"@id\":\"https:\\\/\\\/armonie360.com\\\/#organization\"},\"potentialAction\":[{\"@type\":\"SearchAction\",\"target\":{\"@type\":\"EntryPoint\",\"urlTemplate\":\"https:\\\/\\\/armonie360.com\\\/?s={search_term_string}\"},\"query-input\":{\"@type\":\"PropertyValueSpecification\",\"valueRequired\":true,\"valueName\":\"search_term_string\"}}],\"inLanguage\":\"en-US\"},{\"@type\":\"Organization\",\"@id\":\"https:\\\/\\\/armonie360.com\\\/#organization\",\"name\":\"Armonie360 cu Erika Tonko\",\"url\":\"https:\\\/\\\/armonie360.com\\\/\",\"logo\":{\"@type\":\"ImageObject\",\"inLanguage\":\"en-US\",\"@id\":\"https:\\\/\\\/armonie360.com\\\/#\\\/schema\\\/logo\\\/image\\\/\",\"url\":\"https:\\\/\\\/armonie360.com\\\/wp-content\\\/uploads\\\/2025\\\/12\\\/Logo-540-x-540.png\",\"contentUrl\":\"https:\\\/\\\/armonie360.com\\\/wp-content\\\/uploads\\\/2025\\\/12\\\/Logo-540-x-540.png\",\"width\":540,\"height\":540,\"caption\":\"Armonie360 cu Erika Tonko\"},\"image\":{\"@id\":\"https:\\\/\\\/armonie360.com\\\/#\\\/schema\\\/logo\\\/image\\\/\"},\"sameAs\":[\"https:\\\/\\\/www.facebook.com\\\/armonie360\\\/\"]}]}<\/script>\n<!-- \/ Yoast SEO plugin. -->","yoast_head_json":{"title":"Contact - Armonie360 cu Erika Tonko numerolog profesionist numerolog bun online Baia Mare","description":"Numerolog Baia Mare \u2013 Erika Ildik\u00f3 T\u00f6nk\u0151, numerolog profesionist certificat. Contacteaz\u0103 AROMIE 360 pentru consulta\u021bii de numerologie practic\u0103","robots":{"index":"index","follow":"follow","max-snippet":"max-snippet:-1","max-image-preview":"max-image-preview:large","max-video-preview":"max-video-preview:-1"},"canonical":"https:\/\/armonie360.com\/index.php\/contact\/","og_locale":"en_US","og_type":"article","og_title":"Contact - Armonie360 cu Erika Tonko numerolog profesionist numerolog bun online Baia Mare","og_description":"Numerolog Baia Mare \u2013 Erika Ildik\u00f3 T\u00f6nk\u0151, numerolog profesionist certificat. Contacteaz\u0103 AROMIE 360 pentru consulta\u021bii de numerologie practic\u0103","og_url":"https:\/\/armonie360.com\/index.php\/contact\/","og_site_name":"Armonie360 cu Erika Tonko","article_publisher":"https:\/\/www.facebook.com\/armonie360\/","article_modified_time":"2026-01-13T20:04:44+00:00","og_image":[{"width":400,"height":380,"url":"https:\/\/armonie360.com\/wp-content\/uploads\/2025\/12\/Contact-Us-400_380.jpg","type":"image\/jpeg"}],"twitter_card":"summary_large_image","twitter_misc":{"Est. reading time":"1 minute"},"schema":{"@context":"https:\/\/schema.org","@graph":[{"@type":"WebPage","@id":"https:\/\/armonie360.com\/index.php\/contact\/","url":"https:\/\/armonie360.com\/index.php\/contact\/","name":"Contact - Armonie360 cu Erika Tonko numerolog profesionist numerolog bun online Baia Mare","isPartOf":{"@id":"https:\/\/armonie360.com\/#website"},"primaryImageOfPage":{"@id":"https:\/\/armonie360.com\/index.php\/contact\/#primaryimage"},"image":{"@id":"https:\/\/armonie360.com\/index.php\/contact\/#primaryimage"},"thumbnailUrl":"https:\/\/armonie360.com\/wp-content\/uploads\/2025\/12\/Contact-Us-400_380.jpg","datePublished":"2025-12-07T14:58:18+00:00","dateModified":"2026-01-13T20:04:44+00:00","description":"Numerolog Baia Mare \u2013 Erika Ildik\u00f3 T\u00f6nk\u0151, numerolog profesionist certificat. Contacteaz\u0103 AROMIE 360 pentru consulta\u021bii de numerologie practic\u0103","breadcrumb":{"@id":"https:\/\/armonie360.com\/index.php\/contact\/#breadcrumb"},"inLanguage":"en-US","potentialAction":[{"@type":"ReadAction","target":["https:\/\/armonie360.com\/index.php\/contact\/"]}]},{"@type":"ImageObject","inLanguage":"en-US","@id":"https:\/\/armonie360.com\/index.php\/contact\/#primaryimage","url":"https:\/\/armonie360.com\/wp-content\/uploads\/2025\/12\/Contact-Us-400_380.jpg","contentUrl":"https:\/\/armonie360.com\/wp-content\/uploads\/2025\/12\/Contact-Us-400_380.jpg","width":400,"height":380},{"@type":"BreadcrumbList","@id":"https:\/\/armonie360.com\/index.php\/contact\/#breadcrumb","itemListElement":[{"@type":"ListItem","position":1,"name":"Home","item":"https:\/\/armonie360.com\/"},{"@type":"ListItem","position":2,"name":"Contact"}]},{"@type":"WebSite","@id":"https:\/\/armonie360.com\/#website","url":"https:\/\/armonie360.com\/","name":"Armonie360 cu Erika Tonko","description":"","publisher":{"@id":"https:\/\/armonie360.com\/#organization"},"potentialAction":[{"@type":"SearchAction","target":{"@type":"EntryPoint","urlTemplate":"https:\/\/armonie360.com\/?s={search_term_string}"},"query-input":{"@type":"PropertyValueSpecification","valueRequired":true,"valueName":"search_term_string"}}],"inLanguage":"en-US"},{"@type":"Organization","@id":"https:\/\/armonie360.com\/#organization","name":"Armonie360 cu Erika Tonko","url":"https:\/\/armonie360.com\/","logo":{"@type":"ImageObject","inLanguage":"en-US","@id":"https:\/\/armonie360.com\/#\/schema\/logo\/image\/","url":"https:\/\/armonie360.com\/wp-content\/uploads\/2025\/12\/Logo-540-x-540.png","contentUrl":"https:\/\/armonie360.com\/wp-content\/uploads\/2025\/12\/Logo-540-x-540.png","width":540,"height":540,"caption":"Armonie360 cu Erika Tonko"},"image":{"@id":"https:\/\/armonie360.com\/#\/schema\/logo\/image\/"},"sameAs":["https:\/\/www.facebook.com\/armonie360\/"]}]}},"_links":{"self":[{"href":"https:\/\/armonie360.com\/index.php\/wp-json\/wp\/v2\/pages\/13","targetHints":{"allow":["GET"]}}],"collection":[{"href":"https:\/\/armonie360.com\/index.php\/wp-json\/wp\/v2\/pages"}],"about":[{"href":"https:\/\/armonie360.com\/index.php\/wp-json\/wp\/v2\/types\/page"}],"author":[{"embeddable":true,"href":"https:\/\/armonie360.com\/index.php\/wp-json\/wp\/v2\/users\/1"}],"replies":[{"embeddable":true,"href":"https:\/\/armonie360.com\/index.php\/wp-json\/wp\/v2\/comments?post=13"}],"version-history":[{"count":32,"href":"https:\/\/armonie360.com\/index.php\/wp-json\/wp\/v2\/pages\/13\/revisions"}],"predecessor-version":[{"id":447,"href":"https:\/\/armonie360.com\/index.php\/wp-json\/wp\/v2\/pages\/13\/revisions\/447"}],"wp:featuredmedia":[{"embeddable":true,"href":"https:\/\/armonie360.com\/index.php\/wp-json\/wp\/v2\/media\/18"}],"wp:attachment":[{"href":"https:\/\/armonie360.com\/index.php\/wp-json\/wp\/v2\/media?parent=13"}],"curies":[{"name":"wp","href":"https:\/\/api.w.org\/{rel}","templated":true}]}}